{"id":12521,"date":"2022-07-21T10:45:41","date_gmt":"2022-07-21T10:45:41","guid":{"rendered":"https:\/\/icorsa.org\/icorsa\/?page_id=12521"},"modified":"2022-07-21T11:08:24","modified_gmt":"2022-07-21T11:08:24","slug":"events","status":"publish","type":"page","link":"https:\/\/icorsa.org\/icorsa\/events\/","title":{"rendered":"Events"},"content":{"rendered":"<div class=\"wp-block-image\">\n<figure class=\"aligncenter size-large is-resized\"><img loading=\"lazy\" decoding=\"async\" src=\"https:\/\/icorsa.org\/icorsa\/wp-content\/uploads\/2022\/07\/anual-1024x486.jpg\" alt=\"\" class=\"wp-image-12552\" width=\"636\" height=\"301\" srcset=\"https:\/\/icorsa.org\/icorsa\/wp-content\/uploads\/2022\/07\/anual-1024x486.jpg 1024w, https:\/\/icorsa.org\/icorsa\/wp-content\/uploads\/2022\/07\/anual-300x142.jpg 300w, https:\/\/icorsa.org\/icorsa\/wp-content\/uploads\/2022\/07\/anual-768x365.jpg 768w, https:\/\/icorsa.org\/icorsa\/wp-content\/uploads\/2022\/07\/anual.jpg 1390w\" sizes=\"auto, (max-width: 636px) 100vw, 636px\" \/><\/figure>\n<\/div>\n\n\n<p><strong>ICoRSA Annual Researcher Career Summit 2022 &#8211; EU and Global Perspectives<\/strong><\/p>\n\n\n\n<h2 class=\"wp-block-heading\">About this event<\/h2>\n\n\n\n<p>Join us online for our 1st Summit with key speakers presenting their perspectives on researcher careers, and representatives of national research staff associations focusing on challenges and impacts.<\/p>\n\n\n\n<p>We will officially present our Position Statement on Precarity of Research Careers as well as the results of our Global Survey on Research Career Progression.<\/p>\n\n\n\n<p>ICoRSA mission is to advance the welfare of researchers and in particularly advance the career prospects and career development path of researchers. In spite many initiatives, proposals and policies issued over the last decade or two, there&#8217;s been very little progress to improve the quality of researcher career, if anything it could be viewed as becoming more unattractive.<\/p>\n\n\n\n<p>In order for ICoRSA to approach decision making bodies both at European level and global level, it is necessary for ICoRSA to be fully informed and provided with relevant information and data on the current status of researcher careers. ICoRSA has identified that there is an enormous gap in the knowledge of the career of researchers globally and how they vary from country to country and region to region. Some countries operate best practise in many areas, and other countries are operate poorer practices. In short, there is no comprehensive global picture of the careers of researchers.<\/p>\n\n\n\n<h3 class=\"wp-block-heading\">Key speakers<\/h3>\n\n\n\n<p><a href=\"https:\/\/eoscsecretariat.eu\/eb-profiles\/carthage-smith\" target=\"_blank\" rel=\"noreferrer noopener\"><strong>Carthage Smith<\/strong><\/a>&nbsp;| OECD<\/p>\n\n\n\n<p><a href=\"https:\/\/www.scienceeurope.org\/news\/science-europe-appoints-lidia-borrell-damian-as-secretary-general\/\" target=\"_blank\" rel=\"noreferrer noopener\"><strong>Lidia Borrell-Damian<\/strong><\/a><strong>&nbsp;<\/strong>| ScienceEurope<\/p>\n\n\n\n<p><a href=\"https:\/\/www.linkedin.com\/in\/slaven-misljencevic-12755851\/?originalSubdomain=be\" target=\"_blank\" rel=\"noreferrer noopener\"><strong>Slaven Misljencevic<\/strong><\/a><strong>&nbsp;<\/strong>| EC Directorate for Research and Innovation<\/p>\n\n\n\n<p><a href=\"https:\/\/www.crac.org.uk\/team\/directors\/clare-viney\" target=\"_blank\" rel=\"noreferrer noopener\"><strong>Clare Viney<\/strong><\/a><strong>&nbsp;<\/strong>| CRAC\/Vitae<\/p>\n\n\n\n<p><a href=\"https:\/\/www.linkedin.com\/in\/carl-vannetelbosch-0871431b\/?originalSubdomain=fr\" target=\"_blank\" rel=\"noreferrer noopener\"><strong>Carl Vannetelbosch<\/strong><\/a><strong>&nbsp;<\/strong>| UNESCO<\/p>\n\n\n\n<h3 class=\"wp-block-heading\"><\/h3>\n\n\n\n<h3 class=\"wp-block-heading\">Online Conference<\/h3>\n\n\n\n<p>Despite our hopes that we would be able to organise a physical event, our Forum will be fully online . The online format enables us to offer you an event with international speakers . Join us in the discussions and Q&amp;A sessions!<\/p>\n\n\n\n<h3 class=\"wp-block-heading\"><\/h3>\n\n\n\n<h3 class=\"wp-block-heading\">AGENDA (in CEST)<\/h3>\n\n\n\n<p>12.00 \u2013 12.10<\/p>\n\n\n\n<p><strong>WELCOME &amp; OPENING SPEECH<\/strong><\/p>\n\n\n\n<p><strong>Gordon Dalton&nbsp;<\/strong>| ICoRSA<\/p>\n\n\n\n<h3 class=\"wp-block-heading\"><\/h3>\n\n\n\n<p>12.10 &#8211; 13.50<\/p>\n\n\n\n<p><strong>PRESENTATIONS BY KEY SPEAKERS<\/strong><\/p>\n\n\n\n<p><strong>Carthage Smith &#8211; Senior Policy Analyst &#8211; Lead co-ordinator, OECD Global Science Forum<\/strong><\/p>\n\n\n\n<p>Formerly Deputy Executive Director International Council for Science<\/p>\n\n\n\n<p>Topic: OECD publication: Reducing the precarity of academic research careers<\/p>\n\n\n\n<p><strong>Lidia Borrell-Damian &#8211; Secretary General of ScienceEurope<\/strong><\/p>\n\n\n\n<p>Formerly Director for Research and Innovation at the European University Association (EUA)<\/p>\n\n\n\n<p>Topic: &#8220;Researchers&#8217; careers and research culture&#8221;<\/p>\n\n\n\n<p><strong>Slaven Misljencevic &#8211; Policy Officer in the Directorate-General for Research and Innovation of the European Commission<\/strong><\/p>\n\n\n\n<p>Topic: European labour market for researchers and the development of RESAVER pan-European occupational pension fund<\/p>\n\n\n\n<p><strong>Clare Viney &#8211; Chief Executive Officer of CRAC\/Vitae<\/strong><\/p>\n\n\n\n<p>Chartered Scientist and Chemist<\/p>\n\n\n\n<p>Topic: Researcher Development Framework (RDF)<\/p>\n\n\n\n<p><strong>Carl Vannetelbosch &#8211; UNESCO , Section for Research, Policy and Foresight in the UNESCO Sector for Social and Human Sciences<\/strong><\/p>\n\n\n\n<p>Topic: UNESCO Recommendation on Science and Scientific Researchers<\/p>\n\n\n\n<p><strong>Q&amp;A SESSION<\/strong><\/p>\n\n\n\n<p><strong>PRESENTATION OF ICoRSA&#8217;S POSITION STATEMENT ON PRECARITY OF RESEARCH CAREERS<\/strong><\/p>\n\n\n\n<p><em>COFFEE BREAK: 13.50 \u2013 14.10<\/em><\/p>\n\n\n\n<p>14.10 &#8211; 15.50<\/p>\n\n\n\n<p><strong>PRESENTATION OF RESULTS OF ICoRSA&#8217;S GLOBAL SURVEY ON RESEARCH CAREER PROGRESSION<\/strong><\/p>\n\n\n\n<p><strong>PRESENTATIONS BY REPRESENTATIVES OF NATIONAL RESEARCH STAFF ASSOCIATIONS<\/strong><\/p>\n\n\n\n<p><a href=\"https:\/\/www.plocan.eu\/\" target=\"_blank\" rel=\"noreferrer noopener\"><strong>Oceanic Platform of the Canary Islands<\/strong>&nbsp;(PLOCAN, Spain)<\/a>&nbsp;&#8211; Dr. Jose Joaquin Hernandez Brito, CEO and Director<\/p>\n\n\n\n<p><a href=\"https:\/\/vdivde-it.de\/en\" target=\"_blank\" rel=\"noreferrer noopener\"><strong>VDI\/VDE Innovation + Technology GmbH<\/strong><\/a><a href=\"https:\/\/www.irishrsa.ie\/\" target=\"_blank\" rel=\"noreferrer noopener\"><strong>&nbsp;<\/strong>(Germany)<\/a>&nbsp;&#8211; Martin Hering, Education, Science and Humanities<\/p>\n\n\n\n<p><a href=\"https:\/\/andes.asso.fr\/\" target=\"_blank\" rel=\"noreferrer noopener\"><\/a><a href=\"https:\/\/anict.wordpress.com\/\" target=\"_blank\" rel=\"noreferrer noopener\"><strong>Associa\u00e7\u00e3o Nacional de Investigadores em Ci\u00eancia e Tecnologia<\/strong><\/a><a href=\"https:\/\/andes.asso.fr\/\" target=\"_blank\" rel=\"noreferrer noopener\">&nbsp;(ANICT, Portugal)&nbsp;<\/a>&#8211; Mafalda Rangel, Vice-President<\/p>\n\n\n\n<p>Italian Research Staff Association (Italy) &#8211; Sveva Avveduto, Board member<\/p>\n\n\n\n<p><a href=\"https:\/\/www.irishrsa.ie\/\" target=\"_blank\" rel=\"noreferrer noopener\"><strong>Irish Research Staff Association<\/strong><\/a><a href=\"https:\/\/www.irishrsa.ie\/\" target=\"_blank\" rel=\"noreferrer noopener\"><strong>&nbsp;<\/strong>(Ireland) &#8211;<strong>&nbsp;<\/strong><\/a>Andrew Allen, Chair<\/p>\n\n\n\n<p><strong>Q&amp;A SESSION<\/strong><\/p>\n\n\n\n<p>15.50 &#8211; 16.00<\/p>\n\n\n\n<p><strong>CLOSING SPEECH<\/strong><\/p>\n\n\n\n<p><strong>ICoRSA<\/strong><\/p>\n\n\n\n<p>The Zoom link will be shared via email after registration and will be available here when the Summit starts!<\/p>\n\n\n\n\n","protected":false},"excerpt":{"rendered":"<p>ICoRSA Annual Researcher Career Summit 2022 &#8211; EU and Global&hellip;<\/p>\n<p> <a class=\"more-link\" href=\"https:\/\/icorsa.org\/icorsa\/events\/\">Read more<\/a><\/p>\n","protected":false},"author":1,"featured_media":12552,"parent":0,"menu_order":0,"comment_status":"closed","ping_status":"closed","template":"","meta":{"footnotes":""},"class_list":["post-12521","page","type-page","status-publish","has-post-thumbnail"],"_links":{"self":[{"href":"https:\/\/icorsa.org\/icorsa\/wp-json\/wp\/v2\/pages\/12521","targetHints":{"allow":["GET"]}}],"collection":[{"href":"https:\/\/icorsa.org\/icorsa\/wp-json\/wp\/v2\/pages"}],"about":[{"href":"https:\/\/icorsa.org\/icorsa\/wp-json\/wp\/v2\/types\/page"}],"author":[{"embeddable":true,"href":"https:\/\/icorsa.org\/icorsa\/wp-json\/wp\/v2\/users\/1"}],"replies":[{"embeddable":true,"href":"https:\/\/icorsa.org\/icorsa\/wp-json\/wp\/v2\/comments?post=12521"}],"version-history":[{"count":4,"href":"https:\/\/icorsa.org\/icorsa\/wp-json\/wp\/v2\/pages\/12521\/revisions"}],"predecessor-version":[{"id":12555,"href":"https:\/\/icorsa.org\/icorsa\/wp-json\/wp\/v2\/pages\/12521\/revisions\/12555"}],"wp:featuredmedia":[{"embeddable":true,"href":"https:\/\/icorsa.org\/icorsa\/wp-json\/wp\/v2\/media\/12552"}],"wp:attachment":[{"href":"https:\/\/icorsa.org\/icorsa\/wp-json\/wp\/v2\/media?parent=12521"}],"curies":[{"name":"wp","href":"https:\/\/api.w.org\/{rel}","templated":true}]}}